{"id":66,"date":"2016-10-04T15:05:17","date_gmt":"2016-10-04T15:05:17","guid":{"rendered":"http:\/\/limongi.adv.br\/main\/?page_id=66"},"modified":"2017-03-30T15:48:22","modified_gmt":"2017-03-30T15:48:22","slug":"cintia-limongi","status":"publish","type":"page","link":"http:\/\/limongi.adv.br\/main\/profissionais\/cintia-limongi","title":{"rendered":"C\u00edntia Limongi"},"content":{"rendered":"[vc_row][vc_column width=&#8221;1\/3&#8243;][vc_single_image image=&#8221;242&#8243;][\/vc_column][vc_column width=&#8221;2\/3&#8243;]<div class=\"vcex-module vcex-heading wpex-text-2xl wpex-font-normal wpex-m-auto wpex-max-w-100 vcex-heading-plain wpex-block\" style=\"font-family:Palatino Linotype, Book Antiqua, Palatino, serif;font-size:45px;\"><span class=\"vcex-heading-inner wpex-inline-block wpex-clr\">C\u00edntia Maria S. Limongi<\/span><\/div>[vc_column_text css=&#8221;.vc_custom_1475593479624{padding-bottom: 20px !important;}&#8221;]Advogada graduada pela Universidade Paulista \u2013 UNIP em 2002.<\/p>\n<p>Especialista em Direito P\u00fablico pela Escola Paulista da Magistratura\/EPM \u2013 do Tribunal de Justi\u00e7a do Estado de S\u00e3o Paulo em 2006.<\/p>\n<p>Especialista em Direito Tribut\u00e1rio pela Pontif\u00edcia Universidade Cat\u00f3lica de S\u00e3o Paulo \u2013 PUC\/SP em 2015.<\/p>\n<p>Atua nas \u00e1reas: Contencioso C\u00edvel, Direito Tribut\u00e1rio, Direito Administrativo, Direito Penal e Direito de Fam\u00edlia.<\/p>\n<p>Idiomas: franc\u00eas e ingl\u00eas.[\/vc_column_text][vc_column_text]Contato:\u00a0<a href=\"mailto:cintialimongi@limongi.adv.br\">cintialimongi@limongi.adv.br<\/a>[\/vc_column_text][\/vc_column][\/vc_row][vc_row full_width=&#8221;stretch_row&#8221; css=&#8221;.vc_custom_1476883216158{background-color: #fef9e7 !important;}&#8221;][vc_column][vc_empty_space height=&#8221;64px&#8221;][vc_row_inner][vc_column_inner width=&#8221;1\/12&#8243;][\/vc_column_inner][vc_column_inner width=&#8221;10\/12&#8243;][\/vc_column_inner][vc_column_inner width=&#8221;1\/12&#8243;][\/vc_column_inner][\/vc_row_inner][vc_row_inner][vc_column_inner width=&#8221;1\/12&#8243;][\/vc_column_inner][vc_column_inner width=&#8221;2\/12&#8243;][vc_single_image image=&#8221;243&#8243; onclick=&#8221;custom_link&#8221; link=&#8221;http:\/\/limongi.adv.br\/main\/profissionais\/celso-limongi&#8221;][vc_column_text]\n<p style=\"text-align: center;\">Celso Limongi<\/p>\n[\/vc_column_text][\/vc_column_inner][vc_column_inner width=&#8221;2\/12&#8243;][vc_single_image image=&#8221;244&#8243; add_caption=&#8221;yes&#8221; onclick=&#8221;custom_link&#8221; link=&#8221;http:\/\/limongi.adv.br\/main\/profissionais\/viviane-limongi&#8221;][vc_column_text]\n<p style=\"text-align: center;\">Viviane Cristina S. Limongi<\/p>\n[\/vc_column_text][\/vc_column_inner][vc_column_inner width=&#8221;2\/12&#8243;][vc_single_image image=&#8221;246&#8243; onclick=&#8221;custom_link&#8221; link=&#8221;http:\/\/limongi.adv.br\/main\/profissionais\/laura-da-cunha-varella&#8221;][vc_column_text]\n<p style=\"text-align: center;\">Laura Varella<\/p>\n[\/vc_column_text][\/vc_column_inner][vc_column_inner width=&#8221;2\/12&#8243;][vc_single_image image=&#8221;279&#8243; onclick=&#8221;custom_link&#8221; link=&#8221;http:\/\/limongi.adv.br\/main\/profissionais\/samia-silva-de-paula&#8221;][vc_column_text]\n<p style=\"text-align: center;\">Samia de Paula<\/p>\n[\/vc_column_text][\/vc_column_inner][vc_column_inner width=&#8221;1\/12&#8243;][\/vc_column_inner][\/vc_row_inner][\/vc_column][\/vc_row]\n","protected":false},"excerpt":{"rendered":"<p>[vc_row][vc_column width=&#8221;1\/3&#8243;][vc_single_image image=&#8221;242&#8243;][\/vc_column][vc_column width=&#8221;2\/3&#8243;][vc_column_text css=&#8221;.vc_custom_1475593479624{padding-bottom: 20px !important;}&#8221;]Advogada graduada pela Universidade Paulista \u2013 UNIP em 2002. Especialista em Direito P\u00fablico pela Escola Paulista da Magistratura\/EPM \u2013 do Tribunal de Justi\u00e7a do Estado de S\u00e3o Paulo em 2006. Especialista em Direito Tribut\u00e1rio&hellip;<\/p>\n","protected":false},"author":3,"featured_media":0,"parent":7,"menu_order":0,"comment_status":"closed","ping_status":"closed","template":"","meta":[],"_links":{"self":[{"href":"http:\/\/limongi.adv.br\/main\/wp-json\/wp\/v2\/pages\/66"}],"collection":[{"href":"http:\/\/limongi.adv.br\/main\/wp-json\/wp\/v2\/pages"}],"about":[{"href":"http:\/\/limongi.adv.br\/main\/wp-json\/wp\/v2\/types\/page"}],"author":[{"embeddable":true,"href":"http:\/\/limongi.adv.br\/main\/wp-json\/wp\/v2\/users\/3"}],"replies":[{"embeddable":true,"href":"http:\/\/limongi.adv.br\/main\/wp-json\/wp\/v2\/comments?post=66"}],"version-history":[{"count":16,"href":"http:\/\/limongi.adv.br\/main\/wp-json\/wp\/v2\/pages\/66\/revisions"}],"predecessor-version":[{"id":373,"href":"http:\/\/limongi.adv.br\/main\/wp-json\/wp\/v2\/pages\/66\/revisions\/373"}],"up":[{"embeddable":true,"href":"http:\/\/limongi.adv.br\/main\/wp-json\/wp\/v2\/pages\/7"}],"wp:attachment":[{"href":"http:\/\/limongi.adv.br\/main\/wp-json\/wp\/v2\/media?parent=66"}],"curies":[{"name":"wp","href":"https:\/\/api.w.org\/{rel}","templated":true}]}}