{"id":61,"date":"2016-10-04T14:59:59","date_gmt":"2016-10-04T14:59:59","guid":{"rendered":"http:\/\/limongi.adv.br\/main\/?page_id=61"},"modified":"2020-04-03T18:27:54","modified_gmt":"2020-04-03T18:27:54","slug":"viviane-limongi","status":"publish","type":"page","link":"http:\/\/limongi.adv.br\/main\/profissionais\/viviane-limongi","title":{"rendered":"Viviane Limongi"},"content":{"rendered":"[vc_row][vc_column width=&#8221;1\/3&#8243;][vc_single_image image=&#8221;244&#8243;][\/vc_column][vc_column width=&#8221;2\/3&#8243;]<div class=\"vcex-module vcex-heading wpex-text-2xl wpex-font-normal wpex-m-auto wpex-max-w-100 vcex-heading-plain wpex-block\" style=\"font-family:Palatino Linotype, Book Antiqua, Palatino, serif;font-size:45px;\"><span class=\"vcex-heading-inner wpex-inline-block wpex-clr\">Viviane Cristina S. Limongi<\/span><\/div>[vc_column_text css=&#8221;.vc_custom_1585938470005{padding-bottom: 20px !important;}&#8221;]Advogada graduada pela Pontif\u00edcia Universidade Cat\u00f3lica de S\u00e3o Paulo \u2013 PUC\/SP em 1998.<\/p>\n<p>Especialista em Direito Empresarial pela Pontif\u00edcia Universidade de S\u00e3o Paulo \u2013 PUC\/SP em 2002. Extens\u00e3o em Contratos Empresariais e Direito Penal Econ\u00f4mico na Funda\u00e7\u00e3o Get\u00falio Vargas, respectivamente, em 2005 e 2011.<\/p>\n<p>Mestre em Direito Civil pela Pontif\u00edcia Universidade Cat\u00f3lica de S\u00e3o Paulo \u2013 PUC\/SP em 2017. Disserta\u00e7\u00e3o: &#8220;A capacidade civil e o Estatuto da Pessoa com Defici\u00eancia (Lei 13.146\/2015): os reflexos patrimoniais decorrentes do neg\u00f3cio jur\u00eddico firmado pela pessoa com defici\u00eancia mental&#8221;.<\/p>\n<p>Doutoranda em Direito Civil pela USP (2018\/2020).<\/p>\n<p>\u00c9 Presidente da Comiss\u00e3o de Direito Civil da OAB\/SP, Subse\u00e7\u00e3o Pinheiros, tri\u00eanio 2019\/2021.<\/p>\n<p>\u00c9 Presidente da Comiss\u00e3o de Rela\u00e7\u00f5es Institucionais com os Tribunais pela\u00a0OAB\/SP, Subse\u00e7\u00e3o Pinheiros, tri\u00eanio 2019\/2021.<\/p>\n<p>\u00c9 membro do Instituto de Direito Privado \u2013 IDP. Integra grupo de estudo da Secretaria Estadual dos Direitos das Pessoas com Defici\u00eancia do Estado de S\u00e3o Paulo, na qualidade de advogada especializada.<\/p>\n<p>Atua nas \u00e1reas: Contencioso C\u00edvel, Direito Empresarial, Propriedade Intelectual, Direito Eletr\u00f4nico, Fam\u00edlia e Sucess\u00f5es, Contratos e Arbitragem.<\/p>\n<p>Idiomas: franc\u00eas e ingl\u00eas.[\/vc_column_text][vc_column_text]Contato:\u00a0<a href=\"mailto:vivianelimongi@limongi.adv.br\">vivianelimongi@limongi.adv.br<\/a>[\/vc_column_text][\/vc_column][\/vc_row][vc_row full_width=&#8221;stretch_row&#8221; css=&#8221;.vc_custom_1476883216158{background-color: #fef9e7 !important;}&#8221;][vc_column][vc_empty_space height=&#8221;64px&#8221;][vc_row_inner][vc_column_inner width=&#8221;1\/12&#8243;][\/vc_column_inner][vc_column_inner width=&#8221;10\/12&#8243;][\/vc_column_inner][vc_column_inner width=&#8221;1\/12&#8243;][\/vc_column_inner][\/vc_row_inner][vc_row_inner][vc_column_inner width=&#8221;1\/12&#8243;][\/vc_column_inner][vc_column_inner width=&#8221;2\/12&#8243;][vc_single_image image=&#8221;243&#8243; add_caption=&#8221;yes&#8221; onclick=&#8221;custom_link&#8221; link=&#8221;http:\/\/limongi.adv.br\/main\/profissionais\/celso-limongi&#8221;][vc_column_text]\n<p style=\"text-align: center;\">Celso\u00a0Limongi<\/p>\n[\/vc_column_text][\/vc_column_inner][vc_column_inner width=&#8221;2\/12&#8243;][vc_single_image image=&#8221;242&#8243; onclick=&#8221;custom_link&#8221; link=&#8221;http:\/\/limongi.adv.br\/main\/profissionais\/cintia-limongi&#8221;][vc_column_text]\n<p style=\"text-align: center;\">C\u00edntia Maria S. Limongi<\/p>\n[\/vc_column_text][\/vc_column_inner][vc_column_inner width=&#8221;2\/12&#8243;][vc_single_image image=&#8221;246&#8243; onclick=&#8221;custom_link&#8221; link=&#8221;http:\/\/limongi.adv.br\/main\/profissionais\/laura-da-cunha-varella&#8221;][vc_column_text]\n<p style=\"text-align: center;\">Laura Varella<\/p>\n[\/vc_column_text][\/vc_column_inner][vc_column_inner width=&#8221;2\/12&#8243;][vc_single_image image=&#8221;279&#8243; onclick=&#8221;custom_link&#8221; link=&#8221;http:\/\/limongi.adv.br\/main\/profissionais\/samia-silva-de-paula&#8221;][vc_column_text]\n<p style=\"text-align: center;\">Samia de Paula<\/p>\n[\/vc_column_text][\/vc_column_inner][vc_column_inner width=&#8221;1\/12&#8243;][\/vc_column_inner][\/vc_row_inner][\/vc_column][\/vc_row]\n","protected":false},"excerpt":{"rendered":"<p>[vc_row][vc_column width=&#8221;1\/3&#8243;][vc_single_image image=&#8221;244&#8243;][\/vc_column][vc_column width=&#8221;2\/3&#8243;][vc_column_text css=&#8221;.vc_custom_1585938470005{padding-bottom: 20px !important;}&#8221;]Advogada graduada pela Pontif\u00edcia Universidade Cat\u00f3lica de S\u00e3o Paulo \u2013 PUC\/SP em 1998. Especialista em Direito Empresarial pela Pontif\u00edcia Universidade de S\u00e3o Paulo \u2013 PUC\/SP em 2002. Extens\u00e3o em Contratos Empresariais e Direito Penal&hellip;<\/p>\n","protected":false},"author":3,"featured_media":0,"parent":7,"menu_order":0,"comment_status":"closed","ping_status":"closed","template":"","meta":[],"_links":{"self":[{"href":"http:\/\/limongi.adv.br\/main\/wp-json\/wp\/v2\/pages\/61"}],"collection":[{"href":"http:\/\/limongi.adv.br\/main\/wp-json\/wp\/v2\/pages"}],"about":[{"href":"http:\/\/limongi.adv.br\/main\/wp-json\/wp\/v2\/types\/page"}],"author":[{"embeddable":true,"href":"http:\/\/limongi.adv.br\/main\/wp-json\/wp\/v2\/users\/3"}],"replies":[{"embeddable":true,"href":"http:\/\/limongi.adv.br\/main\/wp-json\/wp\/v2\/comments?post=61"}],"version-history":[{"count":25,"href":"http:\/\/limongi.adv.br\/main\/wp-json\/wp\/v2\/pages\/61\/revisions"}],"predecessor-version":[{"id":467,"href":"http:\/\/limongi.adv.br\/main\/wp-json\/wp\/v2\/pages\/61\/revisions\/467"}],"up":[{"embeddable":true,"href":"http:\/\/limongi.adv.br\/main\/wp-json\/wp\/v2\/pages\/7"}],"wp:attachment":[{"href":"http:\/\/limongi.adv.br\/main\/wp-json\/wp\/v2\/media?parent=61"}],"curies":[{"name":"wp","href":"https:\/\/api.w.org\/{rel}","templated":true}]}}