{"id":253,"date":"2016-11-14T13:31:25","date_gmt":"2016-11-14T13:31:25","guid":{"rendered":"http:\/\/limongi.adv.br\/main\/?page_id=253"},"modified":"2017-03-30T15:51:39","modified_gmt":"2017-03-30T15:51:39","slug":"laura-da-cunha-varella","status":"publish","type":"page","link":"http:\/\/limongi.adv.br\/main\/profissionais\/laura-da-cunha-varella","title":{"rendered":"Laura da Cunha Varella"},"content":{"rendered":"[vc_row][vc_column width=&#8221;1\/3&#8243;][vc_single_image image=&#8221;246&#8243;][\/vc_column][vc_column width=&#8221;2\/3&#8243;]<div class=\"vcex-module vcex-heading wpex-text-2xl wpex-font-normal wpex-m-auto wpex-max-w-100 vcex-heading-plain wpex-block\" style=\"font-family:Palatino Linotype, Book Antiqua, Palatino, serif;font-size:45px;\"><span class=\"vcex-heading-inner wpex-inline-block wpex-clr\">Laura da Cunha Varella<\/span><\/div>[vc_column_text css=&#8221;.vc_custom_1479920152220{padding-bottom: 20px !important;}&#8221;]Advogada graduada pela Universidade Estadual Paulista \u2013 UNESP em 2015.<\/p>\n<p>Estudou um semestre da gradua\u00e7\u00e3o na Universit\u00e9 Lille III na cidade de Lille, Fran\u00e7a, em 2014.<\/p>\n<p>Atua nas \u00e1reas: Direito Civil, Direito de Fam\u00edlia e Contencioso c\u00edvel.<\/p>\n<p>Idiomas: ingl\u00eas, franc\u00eas e espanhol.[\/vc_column_text][vc_column_text]Contato:\u00a0<b><a href=\"mailto:laura@limongi.adv.br\" target=\"_blank\">laura@limongi.adv.br<\/a><\/b>[\/vc_column_text][\/vc_column][\/vc_row][vc_row full_width=&#8221;stretch_row&#8221; css=&#8221;.vc_custom_1476883216158{background-color: #fef9e7 !important;}&#8221;][vc_column][vc_empty_space height=&#8221;64px&#8221;][vc_row_inner][vc_column_inner width=&#8221;1\/12&#8243;][\/vc_column_inner][vc_column_inner width=&#8221;10\/12&#8243;][\/vc_column_inner][vc_column_inner width=&#8221;1\/12&#8243;][\/vc_column_inner][\/vc_row_inner][vc_row_inner][vc_column_inner width=&#8221;1\/12&#8243;][\/vc_column_inner][vc_column_inner width=&#8221;2\/12&#8243;][vc_single_image image=&#8221;243&#8243; onclick=&#8221;custom_link&#8221; link=&#8221;http:\/\/limongi.adv.br\/main\/profissionais\/celso-limongi&#8221;][vc_column_text]\n<p style=\"text-align: center;\">Celso Limongi<\/p>\n[\/vc_column_text][\/vc_column_inner][vc_column_inner width=&#8221;2\/12&#8243;][vc_single_image image=&#8221;244&#8243; add_caption=&#8221;yes&#8221; onclick=&#8221;custom_link&#8221; link=&#8221;http:\/\/limongi.adv.br\/main\/profissionais\/viviane-limongi&#8221;][vc_column_text]\n<p style=\"text-align: center;\">Viviane Cristina S. Limongi<\/p>\n[\/vc_column_text][\/vc_column_inner][vc_column_inner width=&#8221;2\/12&#8243;][vc_single_image image=&#8221;242&#8243; onclick=&#8221;custom_link&#8221; link=&#8221;http:\/\/limongi.adv.br\/main\/profissionais\/cintia-limongi&#8221;][vc_column_text]\n<p style=\"text-align: center;\">C\u00edntia Maria S. Limongi<\/p>\n[\/vc_column_text][\/vc_column_inner][vc_column_inner width=&#8221;2\/12&#8243;][vc_single_image image=&#8221;279&#8243; onclick=&#8221;custom_link&#8221; link=&#8221;http:\/\/limongi.adv.br\/main\/profissionais\/samia-silva-de-paula&#8221;][vc_column_text]\n<p style=\"text-align: center;\">Samia de Paula<\/p>\n[\/vc_column_text][\/vc_column_inner][vc_column_inner width=&#8221;1\/12&#8243;][\/vc_column_inner][\/vc_row_inner][\/vc_column][\/vc_row]\n","protected":false},"excerpt":{"rendered":"<p>[vc_row][vc_column width=&#8221;1\/3&#8243;][vc_single_image image=&#8221;246&#8243;][\/vc_column][vc_column width=&#8221;2\/3&#8243;][vc_column_text css=&#8221;.vc_custom_1479920152220{padding-bottom: 20px !important;}&#8221;]Advogada graduada pela Universidade Estadual Paulista \u2013 UNESP em 2015. Estudou um semestre da gradua\u00e7\u00e3o na Universit\u00e9 Lille III na cidade de Lille, Fran\u00e7a, em 2014. Atua nas \u00e1reas: Direito Civil, Direito de Fam\u00edlia&hellip;<\/p>\n","protected":false},"author":3,"featured_media":0,"parent":7,"menu_order":0,"comment_status":"closed","ping_status":"closed","template":"","meta":[],"_links":{"self":[{"href":"http:\/\/limongi.adv.br\/main\/wp-json\/wp\/v2\/pages\/253"}],"collection":[{"href":"http:\/\/limongi.adv.br\/main\/wp-json\/wp\/v2\/pages"}],"about":[{"href":"http:\/\/limongi.adv.br\/main\/wp-json\/wp\/v2\/types\/page"}],"author":[{"embeddable":true,"href":"http:\/\/limongi.adv.br\/main\/wp-json\/wp\/v2\/users\/3"}],"replies":[{"embeddable":true,"href":"http:\/\/limongi.adv.br\/main\/wp-json\/wp\/v2\/comments?post=253"}],"version-history":[{"count":8,"href":"http:\/\/limongi.adv.br\/main\/wp-json\/wp\/v2\/pages\/253\/revisions"}],"predecessor-version":[{"id":377,"href":"http:\/\/limongi.adv.br\/main\/wp-json\/wp\/v2\/pages\/253\/revisions\/377"}],"up":[{"embeddable":true,"href":"http:\/\/limongi.adv.br\/main\/wp-json\/wp\/v2\/pages\/7"}],"wp:attachment":[{"href":"http:\/\/limongi.adv.br\/main\/wp-json\/wp\/v2\/media?parent=253"}],"curies":[{"name":"wp","href":"https:\/\/api.w.org\/{rel}","templated":true}]}}